{"id":9,"date":"2017-02-23T15:17:19","date_gmt":"2017-02-23T15:17:19","guid":{"rendered":"http:\/\/sonnental-raisdorf.de\/?page_id=9"},"modified":"2023-01-17T18:03:51","modified_gmt":"2023-01-17T17:03:51","slug":"die-wohnungen","status":"publish","type":"page","link":"https:\/\/sonnental-raisdorf.de\/?page_id=9","title":{"rendered":"Die Wohnungen"},"content":{"rendered":"<h6><span style=\"color: #e7501e;\"><strong>In Schwentinental &#8211; Ortsteil Raisdorf &#8211; R\u00f6nner Weg 12:<\/strong><\/span><\/h6>\n<p>Mehrfamilienhaus mit 10 frei finanzierten Wohneinheiten, 3 &#8211; 4 Zimmer mit 72 &#8211; 118 m\u00b2 Wohnfl\u00e4chen in 2-geschossiger Bauweise.<\/p>\n<p>Fertigstellung, Erstbezug im M\u00e4rz 2019<\/p>\n<p>Die Merkmale:<\/p>\n<ul>\n<li>Energie-Effizienz Haus KfW EH-55 (EnEV Stand 2016)<\/li>\n<li>Barrierearmer Zugang zu allen Wohnungen:<br \/>\nDer Aufzug garantiert die stufenlose Erreichbarkeit jeder Etage des Hauses.<br \/>\nDie Wohnungen sind ohne Schwellen mit breiteren T\u00fcren und bodengleichen Duschen ausgestattet.<\/li>\n<li>Gro\u00dfz\u00fcgige Fensterelemente sorgen f\u00fcr eine helle, lichtdurchflutete Atmosph\u00e4re.<\/li>\n<li>In jeder Wohnung gibt es einen Abstellraum<\/li>\n<li>In der Stellplatzanlage steht ein Kfz Stellplatz f\u00fcr jede Wohnung zur Verf\u00fcgung.<\/li>\n<\/ul>\n<p>Eine gute Mischung der Wohnungsgr\u00f6\u00dfen sorgt f\u00fcr durchmischte Altersstrukturen, also einem Wohnen in den Generationen. Kinderfreundlich und altersgerecht ist hier ein Wohnen bis ins hohe Alter m\u00f6glich.<\/p>\n","protected":false},"excerpt":{"rendered":"<p>In Schwentinental &#8211; Ortsteil Raisdorf &#8211; R\u00f6nner Weg 12: Mehrfamilienhaus mit 10 frei finanzierten Wohneinheiten, 3 &#8211; 4 Zimmer mit 72 &#8211; 118 m\u00b2 Wohnfl\u00e4chen in 2-geschossiger Bauweise. Fertigstellung, Erstbezug im M\u00e4rz 2019 Die Merkmale: Energie-Effizienz Haus KfW EH-55 (EnEV<\/p>\n","protected":false},"author":1,"featured_media":0,"parent":0,"menu_order":0,"comment_status":"closed","ping_status":"closed","template":"","meta":[],"_links":{"self":[{"href":"https:\/\/sonnental-raisdorf.de\/index.php?rest_route=\/wp\/v2\/pages\/9"}],"collection":[{"href":"https:\/\/sonnental-raisdorf.de\/index.php?rest_route=\/wp\/v2\/pages"}],"about":[{"href":"https:\/\/sonnental-raisdorf.de\/index.php?rest_route=\/wp\/v2\/types\/page"}],"author":[{"embeddable":true,"href":"https:\/\/sonnental-raisdorf.de\/index.php?rest_route=\/wp\/v2\/users\/1"}],"replies":[{"embeddable":true,"href":"https:\/\/sonnental-raisdorf.de\/index.php?rest_route=%2Fwp%2Fv2%2Fcomments&post=9"}],"version-history":[{"count":9,"href":"https:\/\/sonnental-raisdorf.de\/index.php?rest_route=\/wp\/v2\/pages\/9\/revisions"}],"predecessor-version":[{"id":196,"href":"https:\/\/sonnental-raisdorf.de\/index.php?rest_route=\/wp\/v2\/pages\/9\/revisions\/196"}],"wp:attachment":[{"href":"https:\/\/sonnental-raisdorf.de\/index.php?rest_route=%2Fwp%2Fv2%2Fmedia&parent=9"}],"curies":[{"name":"wp","href":"https:\/\/api.w.org\/{rel}","templated":true}]}}