{"id":5,"date":"2017-02-23T15:15:31","date_gmt":"2017-02-23T15:15:31","guid":{"rendered":"http:\/\/sonnental-raisdorf.de\/?page_id=5"},"modified":"2023-01-17T18:00:04","modified_gmt":"2023-01-17T17:00:04","slug":"sonnental-eg-raisdorf","status":"publish","type":"page","link":"https:\/\/sonnental-raisdorf.de\/","title":{"rendered":"SonnenTal eG Raisdorf"},"content":{"rendered":"<p style=\"padding-left: 40px; text-align: left;\"><span style=\"color: #e7501e;\"><strong>Einmaliges Wohnen mit beeindruckender Architektur<br \/>\n<\/strong><\/span>Mitten in Schwentinental OT Raisdorf wurde auf einem sch\u00f6nen ca. 2.095 m\u00b2 gro\u00dfen Hanggrundst\u00fcck ein attraktives Mehrfamilienhaus erstellt, welches mit 10 Wohneinheiten f\u00fcr die <strong>private Wohngenossenschaft SonnenTal eG<\/strong> erbaut wurde.<\/p>\n<p>Das Haus ist in solider Bauweise mit einem zeitlosen, attraktiven Vormauerziegel erstellt. Einladende Balkone oder Terrassen und Dachgeschosse in S\u00fcd-West-Ausrichtung sind charakteristisch f\u00fcr die Bauweise. Vom Untergeschoss bis ins Staffelgeschoss haben wir helle lichtdurchflutete R\u00e4ume. Die lichte Architektur setzt sich fort in dem lockeren Arrangement des Geb\u00e4udes. F\u00fcr das eigene \u00a0Auto steht eine Stellplatzanlage f\u00fcr ein Fahrzeug pro Wohneinheit bereit. Wir leben hier mit sch\u00f6nen Aufenthaltspl\u00e4tzen mitten in Schwentinental mit einer fu\u00dfl\u00e4ufigen Anbindung zu allen Lebensbereichen und zum Bahnhof.<\/p>\n<p><span style=\"color: #e7501e;\"><strong>Entspannt und komfortabel Wohnen<\/strong><\/span><br \/>\nDas Geb\u00e4ude hat seinen eigenen Charakter und birgt vielf\u00e4ltige Wohnungsgrundrisse. Zusammen mit den verschiedenen Wohnungsgr\u00f6\u00dfen man in unserer Wohngenossenschaft\u00a0seinen ganz individuellen Traum vom Wohnen realisieren \u2013 ob als Single, Paar oder Familie. Der Personenaufzug sorgt zus\u00e4tzlich f\u00fcr bequemen und nachhaltigen Komfort. Dies wird erg\u00e4nzt durch breitere T\u00fcren in allen Wohnungen und bodengleiche Duschen. Grunds\u00e4tzlich besteht ein stufenfreies Bewegen in der kompletten Wohnanlage. Die \u00fcberschaubare Anzahl der 10 Wohneinheiten erm\u00f6glicht zudem eine gute Nachbarschaft.<\/p>\n","protected":false},"excerpt":{"rendered":"<p>Einmaliges Wohnen mit beeindruckender Architektur Mitten in Schwentinental OT Raisdorf wurde auf einem sch\u00f6nen ca. 2.095 m\u00b2 gro\u00dfen Hanggrundst\u00fcck ein attraktives Mehrfamilienhaus erstellt, welches mit 10 Wohneinheiten f\u00fcr die private Wohngenossenschaft SonnenTal eG erbaut wurde. Das Haus ist in solider<\/p>\n","protected":false},"author":1,"featured_media":0,"parent":0,"menu_order":0,"comment_status":"closed","ping_status":"closed","template":"","meta":[],"_links":{"self":[{"href":"https:\/\/sonnental-raisdorf.de\/index.php?rest_route=\/wp\/v2\/pages\/5"}],"collection":[{"href":"https:\/\/sonnental-raisdorf.de\/index.php?rest_route=\/wp\/v2\/pages"}],"about":[{"href":"https:\/\/sonnental-raisdorf.de\/index.php?rest_route=\/wp\/v2\/types\/page"}],"author":[{"embeddable":true,"href":"https:\/\/sonnental-raisdorf.de\/index.php?rest_route=\/wp\/v2\/users\/1"}],"replies":[{"embeddable":true,"href":"https:\/\/sonnental-raisdorf.de\/index.php?rest_route=%2Fwp%2Fv2%2Fcomments&post=5"}],"version-history":[{"count":14,"href":"https:\/\/sonnental-raisdorf.de\/index.php?rest_route=\/wp\/v2\/pages\/5\/revisions"}],"predecessor-version":[{"id":194,"href":"https:\/\/sonnental-raisdorf.de\/index.php?rest_route=\/wp\/v2\/pages\/5\/revisions\/194"}],"wp:attachment":[{"href":"https:\/\/sonnental-raisdorf.de\/index.php?rest_route=%2Fwp%2Fv2%2Fmedia&parent=5"}],"curies":[{"name":"wp","href":"https:\/\/api.w.org\/{rel}","templated":true}]}}