{"id":126,"date":"2018-05-24T16:43:34","date_gmt":"2018-05-24T14:43:34","guid":{"rendered":"http:\/\/sonnental-raisdorf.de\/?page_id=126"},"modified":"2022-11-04T17:36:04","modified_gmt":"2022-11-04T16:36:04","slug":"datenschutzerklaerung","status":"publish","type":"page","link":"https:\/\/sonnental-raisdorf.de\/?page_id=126","title":{"rendered":"Datenschutzerkl\u00e4rung"},"content":{"rendered":"<div class=\"entry-content\">\n<p>Im Folgenden finden Sie Informationen zum Schutz Ihrer pers\u00f6nlichen Daten, die bei Ihrem Besuch unserer Webseite und oder der Nutzung des Kontaktformulares entstehen.<\/p>\n<p><strong>IP-ADRESSEN:<\/strong> Beim Besuch dieser Seiten wird Ihre IP-Adresse protokolliert und f\u00fcr einige Zeit gespeichert. Dies ist ein Standardverhalten jedes Webservers. Die IP-Adresse wird weder weitergegeben noch in irgendeiner Form statistisch oder auf andere Art verarbeitet. Insbesondere verwenden wir nicht Google Analytics oder vergleichbare Werkzeuge.<\/p>\n<p><strong>ERHEBUNG, VERARBEITUNG UND NUTZUNG PERSONENBEZOGENER DATEN<\/strong><br \/>\nIhre Daten werden von uns im Rahmen der gesetzlichen Vorschriften gesch\u00fctzt. Personenbezogene Daten werden von uns nur dann erhoben, wenn Sie uns diese bei der Kontaktaufnahme \u00fcber das Kontaktformular mitteilen. Diese Daten werden nur bis zur vollst\u00e4ndigen zweckgem\u00e4\u00dfen Abwicklung gespeichert und k\u00f6nnen jederzeit auf Ihren Wunsch gel\u00f6scht werden.<\/p>\n<p><strong>WEITERGABE PERSONENBEZOGENER DATEN AN DRITTE<\/strong><br \/>\nEine Weitergabe Ihrer personenbezogenen Daten an Dritte, insbesondere zu Werbezwecken, erfolgt nicht. Ohne Ihre ausdr\u00fcckliche Einwilligung verwenden wir diese Daten nur zur Beantwortung Ihrer Anfrage oder zur Abwicklung durch unseren auf der Webseite genannten beauftragten Vertriebs-Fachpartner, wenn dies dem sachdienlichen Zweck und der Beantwortung Ihrer Anfrage dient.<\/p>\n<p><strong>COOKIES<br \/>\n<\/strong>Beim Besuch der Website wird in Ihrem Browser ein <a href=\"https:\/\/de.wikipedia.org\/wiki\/HTTP-Cookie\">Cookie<\/a> gespeichert. Die auf dieser Webseite eingesetzten Tools (z.B. WordPress) ben\u00f6tigen diese Daten, um ihre Aufgaben zu erf\u00fcllen und Ihnen die Nutzung der Inhalte zu erm\u00f6glichen. Diese Webseite verwendet <em>keine<\/em> Cookies zur Verfolgung des Surf-Verlaufs, zur Erfassung statistischer Daten oder f\u00fcr Werbezwecke.<\/p>\n<p><strong>GOOGLE MAPS<\/strong><br \/>\nDamit Sie die Standorte Karte nutzen k\u00f6nnen, verwenden wir die Google Maps API, um geographische Informationen visuell darstellen zu k\u00f6nnen. Bei der Nutzung von Google Maps werden von Google Daten \u00fcber die Nutzung der Kartenfunktionen durch Besucher erhoben, verarbeitet und genutzt. N\u00e4here Informationen \u00fcber die Datenverarbeitung durch Google k\u00f6nnen Sie deren Datenschutzhinweisen unter <a href=\"http:\/\/www.google.com\/privacypolicy.html\">google.com\/privacypolicy.html<\/a> entnehmen. Dort k\u00f6nnen Sie im gegebenenfalls Ihre pers\u00f6nlichen Datenschutz-Einstellungen anpassen. Eine ausf\u00fchrliche Anleitung zur Verwaltung der eigenen Daten mit Angeboten von Google finden Sie unter <a href=\"https:\/\/support.google.com\/accounts\/topic\/7188671?hl=de&amp;ref_topic=3382254\">https:\/\/support.google.com\/accounts\/topic\/7188671?hl=de&amp;ref_topic=3382254<\/a>.<\/p>\n<p><strong>LINKS ZU ANDEREN WEBSEITEN<\/strong><br \/>\nUnser Online-Angebot enth\u00e4lt Links zu anderen Webseiten. Diesbez\u00fcglich gelten die Datenschutzbestimmungen der jeweiligen Anbieter der Webseiten. Wir haben auf die Einhaltung der Datenschutzbestimmungen dieser Anbieter keinen Einfluss.<\/p>\n<p><strong>DATENSICHERHEIT<br \/>\n<\/strong>Wir weisen an dieser Stelle darauf hin, dass die Daten\u00fcbertragung im Internet, zum Beispiel bei der Kommunikation per Email, Sicherheitsl\u00fccken aufweisen kann. Ein l\u00fcckenloser Schutz der Daten vor dem Zugriff durch Dritte ist nicht m\u00f6glich.<\/p>\n<p><strong>AUSKUNFT | L\u00d6SCHUNG | SPERRUNG<\/strong><br \/>\nSie haben jederzeit das Recht auf unentgeltliche Auskunft \u00fcber Ihre gespeicherten personenbezogenen Daten, sowie ein Recht auf Berichtigung, Sperrung oder L\u00f6schung dieser Daten. Hierzu k\u00f6nnen Sie sich unter folgender Email-Adresse an uns wenden: info@ting-projekte.de oder telefonisch unter 04307 900-210.<\/p>\n<p><strong>\u00c4NDERUNG DER DATENSCHUTZBESTIMMUNGEN<\/strong><br \/>\nWir behalten uns vor, diese Datenschutzerkl\u00e4rung den aktuellen rechtlichen Anforderungen entsprechend anzupassen.<\/p>\n<\/div>\n<p><strong>ANSPRECHPARTNER<\/strong><br \/>\nF\u00fcr Fragen zu dieser Datenschutzerkl\u00e4rung wenden Sie sich an:<\/p>\n<p>Wohngenossenschaft SonnenTal eG<br \/>\nR\u00f6nner Weg 12<br \/>\n24223 Schwentinental<br \/>\nTelefon: 04307 6216<\/p>\n<p>E-Mail: info@sonnental-raisdorf.de<\/p>\n<p>Vorstand: Manfred Will<\/p>\n<p>Stand: November 2022<\/p>\n","protected":false},"excerpt":{"rendered":"<p>Im Folgenden finden Sie Informationen zum Schutz Ihrer pers\u00f6nlichen Daten, die bei Ihrem Besuch unserer Webseite und oder der Nutzung des Kontaktformulares entstehen. IP-ADRESSEN: Beim Besuch dieser Seiten wird Ihre IP-Adresse protokolliert und f\u00fcr einige Zeit gespeichert. Dies ist ein<\/p>\n","protected":false},"author":1,"featured_media":0,"parent":0,"menu_order":0,"comment_status":"closed","ping_status":"closed","template":"","meta":[],"_links":{"self":[{"href":"https:\/\/sonnental-raisdorf.de\/index.php?rest_route=\/wp\/v2\/pages\/126"}],"collection":[{"href":"https:\/\/sonnental-raisdorf.de\/index.php?rest_route=\/wp\/v2\/pages"}],"about":[{"href":"https:\/\/sonnental-raisdorf.de\/index.php?rest_route=\/wp\/v2\/types\/page"}],"author":[{"embeddable":true,"href":"https:\/\/sonnental-raisdorf.de\/index.php?rest_route=\/wp\/v2\/users\/1"}],"replies":[{"embeddable":true,"href":"https:\/\/sonnental-raisdorf.de\/index.php?rest_route=%2Fwp%2Fv2%2Fcomments&post=126"}],"version-history":[{"count":2,"href":"https:\/\/sonnental-raisdorf.de\/index.php?rest_route=\/wp\/v2\/pages\/126\/revisions"}],"predecessor-version":[{"id":187,"href":"https:\/\/sonnental-raisdorf.de\/index.php?rest_route=\/wp\/v2\/pages\/126\/revisions\/187"}],"wp:attachment":[{"href":"https:\/\/sonnental-raisdorf.de\/index.php?rest_route=%2Fwp%2Fv2%2Fmedia&parent=126"}],"curies":[{"name":"wp","href":"https:\/\/api.w.org\/{rel}","templated":true}]}}