{"id":11,"date":"2017-02-23T15:17:47","date_gmt":"2017-02-23T15:17:47","guid":{"rendered":"http:\/\/sonnental-raisdorf.de\/?page_id=11"},"modified":"2019-01-14T10:18:28","modified_gmt":"2019-01-14T09:18:28","slug":"der-standort","status":"publish","type":"page","link":"https:\/\/sonnental-raisdorf.de\/?page_id=11","title":{"rendered":"Der Standort"},"content":{"rendered":"<h5><span style=\"color: #e7501e;\"><strong>Stadt- und Naherholung vor der T\u00fcr<\/strong><\/span><\/h5>\n<p>Schwentinental ist mit ca. 13.500 Einwohnern die zweitgr\u00f6\u00dfte Stadt im Kreis Pl\u00f6n und ca. 6 km von der Landeshauptstadt Kiel entfernt.<br \/>\nDas Haus SonnenTal ist bestens gelegen: Von hier aus sind Sie schnell in der Stadt und schnell bei den Naherholungszielen am Rande der Holsteinischen Schweiz.<br \/>\n\u00dcber die Bundestra\u00dfe B 76 haben Sie eine perfekte Anbindung nach Kiel und L\u00fcbeck und \u00fcber die B 202 nach L\u00fctjenburg und Fehmarn. In das Kieler Stadtzentrum k\u00f6nnen Sie aber auch ganz ohne Auto mit dem Zug von dem nahe gelegenen Bahnhof unbeschwert gelangen.<\/p>\n<p>Alles Lebensnotwendige erreichen Sie in fu\u00dfl\u00e4ufiger Entfernung: Einkaufen, Apotheken, \u00c4rzte, Banken und das Rathaus der Stadt Schwentinental. Einkaufsvielfalt haben Sie im nur 2 km entfernt gelegenen Ostseepark &#8211; einem der gr\u00f6\u00dften Fachmarktzentren Deutschlands.<br \/>\nDer ebenfalls fu\u00dfl\u00e4ufig erreichbare Flu\u00df Schwentine l\u00e4dt mit seinen bewaldeten Ufern zum Spaziergang und Wassersport ein. An ihm gelegen ist der 40 ha gro\u00dfe Schwentinepark, in dem sich der Wildpark mit heimischen Tieren und das beheizte Freibad befinden. Hier k\u00f6nnen Sie Ihre Freizeit mit Familie und Freunden aktiv genie\u00dfen.<\/p>\n<p>[wpgmza id=&#8220;1&#8243;]<\/p>\n","protected":false},"excerpt":{"rendered":"<p>Stadt- und Naherholung vor der T\u00fcr Schwentinental ist mit ca. 13.500 Einwohnern die zweitgr\u00f6\u00dfte Stadt im Kreis Pl\u00f6n und ca. 6 km von der Landeshauptstadt Kiel entfernt. Das Haus SonnenTal ist bestens gelegen: Von hier aus sind Sie schnell in<\/p>\n","protected":false},"author":1,"featured_media":0,"parent":0,"menu_order":0,"comment_status":"closed","ping_status":"closed","template":"","meta":[],"_links":{"self":[{"href":"https:\/\/sonnental-raisdorf.de\/index.php?rest_route=\/wp\/v2\/pages\/11"}],"collection":[{"href":"https:\/\/sonnental-raisdorf.de\/index.php?rest_route=\/wp\/v2\/pages"}],"about":[{"href":"https:\/\/sonnental-raisdorf.de\/index.php?rest_route=\/wp\/v2\/types\/page"}],"author":[{"embeddable":true,"href":"https:\/\/sonnental-raisdorf.de\/index.php?rest_route=\/wp\/v2\/users\/1"}],"replies":[{"embeddable":true,"href":"https:\/\/sonnental-raisdorf.de\/index.php?rest_route=%2Fwp%2Fv2%2Fcomments&post=11"}],"version-history":[{"count":7,"href":"https:\/\/sonnental-raisdorf.de\/index.php?rest_route=\/wp\/v2\/pages\/11\/revisions"}],"predecessor-version":[{"id":197,"href":"https:\/\/sonnental-raisdorf.de\/index.php?rest_route=\/wp\/v2\/pages\/11\/revisions\/197"}],"wp:attachment":[{"href":"https:\/\/sonnental-raisdorf.de\/index.php?rest_route=%2Fwp%2Fv2%2Fmedia&parent=11"}],"curies":[{"name":"wp","href":"https:\/\/api.w.org\/{rel}","templated":true}]}}