{"id":107,"date":"2017-11-13T16:24:33","date_gmt":"2017-11-13T15:24:33","guid":{"rendered":"http:\/\/sonnental-raisdorf.de\/?page_id=107"},"modified":"2022-11-04T17:28:46","modified_gmt":"2022-11-04T16:28:46","slug":"impressum","status":"publish","type":"page","link":"https:\/\/sonnental-raisdorf.de\/?page_id=107","title":{"rendered":"Impressum"},"content":{"rendered":"<div class=\"inner-wrap\">\n<div id=\"primary\">\n<div id=\"content\">\n<article id=\"post-26\" class=\"post-26 page type-page status-publish hentry\">\n<div class=\"entry-content\">\n<h6><span style=\"color: #ff6600;\"><strong>TR\u00c4GER DES PROJEKTES:<\/strong><\/span><\/h6>\n<h6><strong><span style=\"color: #ff6600;\">Wohngenossenschaft SonnenTal eG<\/span><br \/>\n<\/strong><\/h6>\n<p>Vorstand: Manfred Will<br \/>\nR\u00f6nner Weg 12<\/p>\n<p>24223 Schwentinental<\/p>\n<p>Telefon: 04307 6216<\/p>\n<p><a href=\"mailto:vorstand@sonnental-raisdorf.de\">vorstand@sonnental-raisdorf.de<\/a><\/p>\n<p>Vertretungsberechtigter Vorstand: Manfred Will<\/p>\n<p>Verantwortlich f\u00fcr den Inhalt nach \u00a75 TMG: Manfred Will<\/p>\n<p><b>Genossenschaftsregister:<\/b> GnR 550 KI Amtsgericht Kiel<\/p>\n<p><b>Pr\u00fcfungsverband:<\/b>\u00a0Pr\u00fcfungsverband deutscher Konsum-\u00a0und Dienstleistungsgenossenschaften e.V., Berlin, <a href=\"http:\/\/www.pdk-berlin.de\">www.pdk-berlin.de<\/a><\/p>\n<p>Haftungshinweis: Trotz sorgf\u00e4ltiger inhaltlicher Kontrolle \u00fcbernehmen wir keine Haftung f\u00fcr die Inhalte externer Links. F\u00fcr den Inhalt der verlinkten Seiten sind ausschlie\u00dflich deren Betreiber verantwortlich.<\/p>\n<\/div>\n<\/article>\n<\/div>\n<\/div>\n<\/div>\n","protected":false},"excerpt":{"rendered":"<p>TR\u00c4GER DES PROJEKTES: Wohngenossenschaft SonnenTal eG Vorstand: Manfred Will R\u00f6nner Weg 12 24223 Schwentinental Telefon: 04307 6216 vorstand@sonnental-raisdorf.de Vertretungsberechtigter Vorstand: Manfred Will Verantwortlich f\u00fcr den Inhalt nach \u00a75 TMG: Manfred Will Genossenschaftsregister: GnR 550 KI Amtsgericht Kiel Pr\u00fcfungsverband:\u00a0Pr\u00fcfungsverband deutscher Konsum-\u00a0und<\/p>\n","protected":false},"author":1,"featured_media":0,"parent":0,"menu_order":0,"comment_status":"closed","ping_status":"closed","template":"","meta":[],"_links":{"self":[{"href":"https:\/\/sonnental-raisdorf.de\/index.php?rest_route=\/wp\/v2\/pages\/107"}],"collection":[{"href":"https:\/\/sonnental-raisdorf.de\/index.php?rest_route=\/wp\/v2\/pages"}],"about":[{"href":"https:\/\/sonnental-raisdorf.de\/index.php?rest_route=\/wp\/v2\/types\/page"}],"author":[{"embeddable":true,"href":"https:\/\/sonnental-raisdorf.de\/index.php?rest_route=\/wp\/v2\/users\/1"}],"replies":[{"embeddable":true,"href":"https:\/\/sonnental-raisdorf.de\/index.php?rest_route=%2Fwp%2Fv2%2Fcomments&post=107"}],"version-history":[{"count":8,"href":"https:\/\/sonnental-raisdorf.de\/index.php?rest_route=\/wp\/v2\/pages\/107\/revisions"}],"predecessor-version":[{"id":185,"href":"https:\/\/sonnental-raisdorf.de\/index.php?rest_route=\/wp\/v2\/pages\/107\/revisions\/185"}],"wp:attachment":[{"href":"https:\/\/sonnental-raisdorf.de\/index.php?rest_route=%2Fwp%2Fv2%2Fmedia&parent=107"}],"curies":[{"name":"wp","href":"https:\/\/api.w.org\/{rel}","templated":true}]}}